{"id":11,"date":"2021-08-17T10:09:23","date_gmt":"2021-08-17T08:09:23","guid":{"rendered":"https:\/\/www.male-mal.de\/?page_id=11"},"modified":"2022-10-30T19:47:05","modified_gmt":"2022-10-30T18:47:05","slug":"geburtstage","status":"publish","type":"page","link":"https:\/\/www.male-mal.de\/?page_id=11","title":{"rendered":"Extras"},"content":{"rendered":"\n<h2 class=\"wp-block-heading\">MALEMAL GEBURTSTAGSFEIER<\/h2>\n\n\n\n<p>Wir werden gemeinsam malen, zeichnen, basteln, werken und einen kreativen und bunten Geburtstag in der Malwerkstatt feiern! Die G\u00e4ste werden am Ende ihre kleinen Kunstwerke mitnehmen und ein sch\u00f6nes Andenken an die Geburtstagsfeier haben.&nbsp;<\/p>\n\n\n\n<ul class=\"wp-block-list\"><li>Malhaus \/ Werkstatt \/ Garten &#8211; viel Platz zum kreativen Feiern<\/li><li>indiviudelle Themenauswahl (auf Alter und Gruppengr\u00f6\u00dfe abgestimmt)<\/li><li>Materialien inklusive<\/li><\/ul>\n\n\n\n<p><br>Mehr Informationen gerne auf <a href=\"https:\/\/www.male-mal.de\/?page_id=15\">Anfrage<\/a>.&nbsp;<br>Dies gilt auch f\u00fcr die folgenden Veranstaltungen.<\/p>\n\n\n\n<h2 class=\"wp-block-heading\">WORKSHOPS<br>VORMITTAGS + WOCHENENDE<\/h2>\n\n\n\n<p>Als kleine Gruppe, oder Familie an einem oder mehreren Vormittagen in den R\u00e4umen der Malwerkstatt gemeinsam kreativ sein. Bei gutem Wetter kann auch im Garten gemalt und gewerkelt werden.<\/p>\n\n\n\n<ul class=\"wp-block-list\"><li>3 bis 8 Teilnehmer<\/li><li>Themenauswahl <\/li><li>Materialien inklusive + kleinem Pausensnack<\/li><\/ul>\n\n\n\n<h2 class=\"wp-block-heading\">GROSS + KLEIN <\/h2>\n\n\n\n<p>In gem\u00fctlichen Runde ein Malworkshop f\u00fcr Kleinkinder gemeinsam mit einem Erwachsenem.<\/p>\n\n\n\n<ul class=\"wp-block-list\"><li>2 bis 5 Paare <\/li><li>Themenauswahl<\/li><li>Materialien inklusive + kleinem Pausensnack<\/li><\/ul>\n\n\n\n<h2 class=\"wp-block-heading\">EINZELSTUNDEN<\/h2>\n\n\n\n<p>Nach einem Kennenlernen in der Malwerkstatt, sind nat\u00fcrlich auch Einzelstunden oder spezielle Kursformationen buchbar.  <\/p>\n\n\n\n<h2 class=\"wp-block-heading\">GUTSCHEINE<\/h2>\n\n\n\n<p>Gutscheine zum verschenken, f\u00fcr eine Zehnerkarte, Einzelstunden oder auch f\u00fcr einen speziellen Workshop. <br>Die individuelle Gestaltung macht die Gutscheine zu Einzelst\u00fccken und einer sch\u00f6nen Geburtstags\u00fcberraschung.<\/p>\n","protected":false},"excerpt":{"rendered":"<p>MALEMAL GEBURTSTAGSFEIER Wir werden gemeinsam malen, zeichnen, basteln, werken und einen kreativen und bunten Geburtstag in der Malwerkstatt feiern! Die G\u00e4ste werden am Ende ihre kleinen Kunstwerke mitnehmen und ein sch\u00f6nes Andenken an die Geburtstagsfeier haben.&nbsp; Malhaus \/ Werkstatt \/ Garten &#8211; viel Platz zum kreativen Feiern indiviudelle Themenauswahl (auf Alter und Gruppengr\u00f6\u00dfe abgestimmt) Materialien [&hellip;]<\/p>\n","protected":false},"author":1,"featured_media":0,"parent":0,"menu_order":3,"comment_status":"closed","ping_status":"closed","template":"","meta":{"ngg_post_thumbnail":0,"footnotes":""},"class_list":["post-11","page","type-page","status-publish","hentry"],"aioseo_notices":[],"_links":{"self":[{"href":"https:\/\/www.male-mal.de\/index.php?rest_route=\/wp\/v2\/pages\/11","targetHints":{"allow":["GET"]}}],"collection":[{"href":"https:\/\/www.male-mal.de\/index.php?rest_route=\/wp\/v2\/pages"}],"about":[{"href":"https:\/\/www.male-mal.de\/index.php?rest_route=\/wp\/v2\/types\/page"}],"author":[{"embeddable":true,"href":"https:\/\/www.male-mal.de\/index.php?rest_route=\/wp\/v2\/users\/1"}],"replies":[{"embeddable":true,"href":"https:\/\/www.male-mal.de\/index.php?rest_route=%2Fwp%2Fv2%2Fcomments&post=11"}],"version-history":[{"count":25,"href":"https:\/\/www.male-mal.de\/index.php?rest_route=\/wp\/v2\/pages\/11\/revisions"}],"predecessor-version":[{"id":766,"href":"https:\/\/www.male-mal.de\/index.php?rest_route=\/wp\/v2\/pages\/11\/revisions\/766"}],"wp:attachment":[{"href":"https:\/\/www.male-mal.de\/index.php?rest_route=%2Fwp%2Fv2%2Fmedia&parent=11"}],"curies":[{"name":"wp","href":"https:\/\/api.w.org\/{rel}","templated":true}]}}