{"id":5,"date":"2021-08-16T21:15:13","date_gmt":"2021-08-16T19:15:13","guid":{"rendered":"https:\/\/www.male-mal.de\/?page_id=5"},"modified":"2021-10-15T21:01:29","modified_gmt":"2021-10-15T19:01:29","slug":"malwerkstatt","status":"publish","type":"page","link":"https:\/\/www.male-mal.de\/?page_id=5","title":{"rendered":"Die Malwerkstatt"},"content":{"rendered":"\n<p>In einem sch\u00f6nen, kleinen Fachwerkhaus mit gro\u00dfer Werkstatt und angrenzendem Garten befindet sich die Malwerkstatt MaleMal.<\/p>\n\n\n\n<p>Hier kann man unterschiedliche Maltechniken kennenlernen und vertiefen, Materialien und Malwerkzeuge entdecken und vor allem Spa\u00df dabei haben. MaleMal ist ein Ort zum Wohlf\u00fchlen, zum kreativ sein, an dem man sich entfalten kann, ganz frei von jeglichem Druck. <\/p>\n\n\n\n<p>Es gibt fortlaufende Kurse unter der Woche f\u00fcr Kinder und Jugendliche, sowie wechselnde Workshops an den Wochenenden und in den Ferien. Die Kurse finden in kleiner Runde statt, somit gibt es viel Zeit und Platz um gemeinsam k\u00fcnstlerisch t\u00e4tig zu sein. F\u00fcr Erwachsene, kleinere Gruppen und auch sehr junge Kinder gibt es kreative Angebote unter <a href=\"https:\/\/www.male-mal.de\/?page_id=11\" data-type=\"URL\" data-id=\"https:\/\/www.male-mal.de\/?page_id=11\">Extras<\/a> und unter <a href=\"https:\/\/www.male-mal.de\/?page_id=19\" data-type=\"URL\" data-id=\"https:\/\/www.male-mal.de\/?page_id=19\">Aktuelles<\/a>.\u00a0Bei gutem Wetter wird auch der sch\u00f6ne Garten zur Werkst\u00e4tte. Im MaleMal k\u00f6nnen auch kreative Geburtstage und Feste gefeiert werden, mit selbst kreiertem Kunstwerk als Andenken.<\/p>\n\n\n\n<p>In den vergangenen Jahren konnte ich mit meiner Malwerkstatt, damals noch in Frankfurt Sachsenhausen, viele Erfahrungen sammeln. Neben den w\u00f6chentlichen Kursen vor Ort, in denen ich wunderbare und kreative Kinder mehrere Jahre lang begleiten durfte, sowie vielen bunten, tollen MaleMal Geburtstagen, war ich auch mit Kunst- und Fotografie-Workshops an Schulen und Werkst\u00e4tten in Frankfurt t\u00e4tig.<\/p>\n\n\n\n<p>Ich freue mich auf ein entspanntes Kennenlernen in der neuen Malwerkstatt in Ro\u00dfdorf!<br>Julia<\/p>\n\n\n\n<h2 class=\"wp-block-heading\">Kurze Vita<\/h2>\n\n\n\n<p>\u2022 2003 &#8211; 2007 Kommunikationsdesign-Studium in Frankfurt<br>\u2022 freiberufliche Grafikerin<br>\u2022 2013 Er\u00f6ffnung von MALEMAL in Frankfurt Sachsenhausen<br>\u2022 w\u00f6chentliche Kunst- und Foto-AGs an der Textorschule <br>\u2022 w\u00f6chentliche Malkurse in der Jugend-Kultur-Werkstatt Falkenheim <br>\u2022 Kunst- und Fotoworkshops an Schulen f\u00fcr together Frankfurt<br>\u2022 2021 Neuer\u00f6ffnung von MALEMAL in Ro\u00dfdorf<\/p>\n\n\n\n<div class=\"wp-block-columns is-layout-flex wp-container-core-columns-is-layout-9d6595d7 wp-block-columns-is-layout-flex\">\n<div class=\"wp-block-column is-layout-flow wp-block-column-is-layout-flow\" style=\"flex-basis:100%\">\n<h2 class=\"wp-block-heading\"> <\/h2>\n\n\n\n<p><\/p>\n<\/div>\n<\/div>\n","protected":false},"excerpt":{"rendered":"<p>In einem sch\u00f6nen, kleinen Fachwerkhaus mit gro\u00dfer Werkstatt und angrenzendem Garten befindet sich die Malwerkstatt MaleMal. Hier kann man unterschiedliche Maltechniken kennenlernen und vertiefen, Materialien und Malwerkzeuge entdecken und vor allem Spa\u00df dabei haben. MaleMal ist ein Ort zum Wohlf\u00fchlen, zum kreativ sein, an dem man sich entfalten kann, ganz frei von jeglichem Druck. Es [&hellip;]<\/p>\n","protected":false},"author":1,"featured_media":0,"parent":0,"menu_order":1,"comment_status":"closed","ping_status":"closed","template":"","meta":{"ngg_post_thumbnail":0,"footnotes":""},"class_list":["post-5","page","type-page","status-publish","hentry"],"aioseo_notices":[],"_links":{"self":[{"href":"https:\/\/www.male-mal.de\/index.php?rest_route=\/wp\/v2\/pages\/5","targetHints":{"allow":["GET"]}}],"collection":[{"href":"https:\/\/www.male-mal.de\/index.php?rest_route=\/wp\/v2\/pages"}],"about":[{"href":"https:\/\/www.male-mal.de\/index.php?rest_route=\/wp\/v2\/types\/page"}],"author":[{"embeddable":true,"href":"https:\/\/www.male-mal.de\/index.php?rest_route=\/wp\/v2\/users\/1"}],"replies":[{"embeddable":true,"href":"https:\/\/www.male-mal.de\/index.php?rest_route=%2Fwp%2Fv2%2Fcomments&post=5"}],"version-history":[{"count":42,"href":"https:\/\/www.male-mal.de\/index.php?rest_route=\/wp\/v2\/pages\/5\/revisions"}],"predecessor-version":[{"id":509,"href":"https:\/\/www.male-mal.de\/index.php?rest_route=\/wp\/v2\/pages\/5\/revisions\/509"}],"wp:attachment":[{"href":"https:\/\/www.male-mal.de\/index.php?rest_route=%2Fwp%2Fv2%2Fmedia&parent=5"}],"curies":[{"name":"wp","href":"https:\/\/api.w.org\/{rel}","templated":true}]}}