{"id":9,"date":"2021-08-17T10:09:07","date_gmt":"2021-08-17T08:09:07","guid":{"rendered":"https:\/\/www.male-mal.de\/?page_id=9"},"modified":"2023-01-20T10:06:10","modified_gmt":"2023-01-20T09:06:10","slug":"2-2","status":"publish","type":"page","link":"https:\/\/www.male-mal.de\/?page_id=9","title":{"rendered":"Kurse in der Malwerkstatt"},"content":{"rendered":"\n<p>Wir zeichnen, malen und gestalten, w\u00e4hrend wir entdecken welche M\u00f6glichkeiten es gibt, mit den eigenen H\u00e4nden und viel Fantasie Ideen zu verwirklichen.<\/p>\n\n\n\n<p>Die Kurse sind fortlaufend und werden in passende Altersgruppen unterteilt. Sofern Pl\u00e4tze frei sind kann man jederzeit einsteigen. Die laufenden Kurse richten sich an Kinder und Jugendliche ab 4 Jahren. F\u00fcr alle Altersgruppen gibt es wechselnde Angebote unter <a href=\"https:\/\/www.male-mal.de\/?page_id=19\">AKTUELLES<\/a> &#8211; auch f\u00fcr j\u00fcngere Kinder und Erwachsene. <\/p>\n\n\n\n<p>Da es mir wichtig ist, auf alle individuell eingehen zu k\u00f6nnen, finden die Kurse in kleinen Gruppen ab 3 Kindern statt. Die Kurszeiten beinhalten eine kurze Pause mit Getr\u00e4nk und kleiner St\u00e4rkung. Alle Materialien sind inklusive! <br><br>In den Kursen gestalten wir wechselnde Themen mit unterschiedlichen Materialien und Techniken. Ob mit Graphit, Kohle und Tusche zeichnen, mit Acryl- und Aquarellfarben tolle Gem\u00e4lde kreieren, oder einzigartige Collagen erstellen &#8211; hier sind der Fantasie keine Grenzen gesetzt. Die Vielfalt an Themen und Materialien bietet allen TeilnehmerInnen die M\u00f6glichkeit, eine eigene k\u00fcnstlerische Richtung zu finden und mit Spa\u00df und Freude kreativ zu sein.<\/p>\n\n\n\n<div class=\"wp-block-columns is-layout-flex wp-container-core-columns-is-layout-9d6595d7 wp-block-columns-is-layout-flex\">\n<div class=\"wp-block-column is-layout-flow wp-block-column-is-layout-flow\" id=\"programm\">\n<h2 class=\"wp-block-heading\">PROGRAMM<\/h2>\n\n\n\n<h3 class=\"wp-block-heading\">MONTAGSKURSE<\/h3>\n\n\n\n<p><strong>A<\/strong>: 15:00 h &#8211; 16:30 h  ab 4 <br><strong>B<\/strong>: 16:35 h &#8211; 18:05 h  ab 8 <\/p>\n\n\n\n<h3 class=\"wp-block-heading\">DIENSTAGSKURSE<\/h3>\n\n\n\n<p><strong>A<\/strong>: 15:00 h &#8211; 16:30 h  ab 4 <br><strong>B<\/strong>: 16:35 h &#8211; 18:05 h  ab 8  <\/p>\n\n\n\n<h3 class=\"wp-block-heading\">FREITAGSKURSE<\/h3>\n\n\n\n<p><strong>A<\/strong>: 15:00 h &#8211; 16:30 h ab 6 <br><strong>B<\/strong>: 16:35 h &#8211; 18:05 h ab 8 <\/p>\n<\/div>\n\n\n\n<div class=\"wp-block-column is-layout-flow wp-block-column-is-layout-flow\" id=\"preise\">\n<h2 class=\"wp-block-heading\">PREISE<\/h2>\n\n\n\n<p>Die Preise beinhalten alle Materialien, sowie ein Getr\u00e4nk und eine kleine St\u00e4rkung<\/p>\n\n\n\n<h3 class=\"wp-block-heading\">WOCHENKURS <br><br>5ER KARTE <\/h3>\n\n\n\n<p>5 aufeinanderfolgende Termine 100,-\u20ac<\/p>\n\n\n\n<h3 class=\"wp-block-heading\">10ER KARTE <\/h3>\n\n\n\n<p>10 aufeinanderfolgende Termine 180,-\u20ac<\/p>\n\n\n\n<h3 class=\"wp-block-heading\">KENNENLERNEN<\/h3>\n\n\n\n<p>Schnuppern im Kurs<br>nach Vereinbarung 10,-\u20ac<br><br><br><\/p>\n<\/div>\n<\/div>\n\n\n\n<p><strong>Workshops und Ferienkurse<\/strong> werden unter <a href=\"https:\/\/www.male-mal.de\/?page_id=19\">AKTUELLES<\/a> angek\u00fcndigt.<br><strong>Einzeln buchbare Angebote<\/strong> sind unter <a href=\"https:\/\/www.male-mal.de\/?page_id=11\">EXTRAS<\/a> vorgestellt.<br><\/p>\n","protected":false},"excerpt":{"rendered":"<p>Wir zeichnen, malen und gestalten, w\u00e4hrend wir entdecken welche M\u00f6glichkeiten es gibt, mit den eigenen H\u00e4nden und viel Fantasie Ideen zu verwirklichen. Die Kurse sind fortlaufend und werden in passende Altersgruppen unterteilt. Sofern Pl\u00e4tze frei sind kann man jederzeit einsteigen. Die laufenden Kurse richten sich an Kinder und Jugendliche ab 4 Jahren. F\u00fcr alle Altersgruppen [&hellip;]<\/p>\n","protected":false},"author":1,"featured_media":0,"parent":0,"menu_order":2,"comment_status":"closed","ping_status":"closed","template":"","meta":{"ngg_post_thumbnail":0,"footnotes":""},"class_list":["post-9","page","type-page","status-publish","hentry"],"aioseo_notices":[],"_links":{"self":[{"href":"https:\/\/www.male-mal.de\/index.php?rest_route=\/wp\/v2\/pages\/9","targetHints":{"allow":["GET"]}}],"collection":[{"href":"https:\/\/www.male-mal.de\/index.php?rest_route=\/wp\/v2\/pages"}],"about":[{"href":"https:\/\/www.male-mal.de\/index.php?rest_route=\/wp\/v2\/types\/page"}],"author":[{"embeddable":true,"href":"https:\/\/www.male-mal.de\/index.php?rest_route=\/wp\/v2\/users\/1"}],"replies":[{"embeddable":true,"href":"https:\/\/www.male-mal.de\/index.php?rest_route=%2Fwp%2Fv2%2Fcomments&post=9"}],"version-history":[{"count":84,"href":"https:\/\/www.male-mal.de\/index.php?rest_route=\/wp\/v2\/pages\/9\/revisions"}],"predecessor-version":[{"id":776,"href":"https:\/\/www.male-mal.de\/index.php?rest_route=\/wp\/v2\/pages\/9\/revisions\/776"}],"wp:attachment":[{"href":"https:\/\/www.male-mal.de\/index.php?rest_route=%2Fwp%2Fv2%2Fmedia&parent=9"}],"curies":[{"name":"wp","href":"https:\/\/api.w.org\/{rel}","templated":true}]}}